{"id":24,"date":"2025-01-02T02:46:25","date_gmt":"2025-01-02T02:46:25","guid":{"rendered":"https:\/\/jorgebautistaesculturas.com\/?page_id=24"},"modified":"2025-02-09T00:59:22","modified_gmt":"2025-02-09T00:59:22","slug":"bio","status":"publish","type":"page","link":"https:\/\/jorgebautistaesculturas.com\/index.php\/bio\/","title":{"rendered":"Bio"},"content":{"rendered":"\n<p>Jorge Alfonso Bautista V\u00e1squez, nacido en 1989, actualmente radica y trabaja en Lima, Per\u00fa. Bachiller de la carrera de Artes Pl\u00e1sticas y visuales con especializaci\u00f3n en Escultura, de la Escuela Nacional Superior Aut\u00f3noma de Bellas Artes del Per\u00fa (actual UNABAP). En la actualidad se dedica a la realizaci\u00f3n de proyectos escult\u00f3ricos a gran escala en su taller \u201cJorge Bautista Esculturas EIRL\u201d.<\/p>\n","protected":false},"excerpt":{"rendered":"<p>Jorge Alfonso Bautista V\u00e1squez, nacido en 1989, actualmente radica y trabaja en Lima, Per\u00fa. Bachiller de la carrera de Artes Pl\u00e1sticas y visuales con especializaci\u00f3n en Escultura, de la Escuela Nacional Superior Aut\u00f3noma de Bellas Artes del Per\u00fa (actual UNABAP). En la actualidad se dedica a la realizaci\u00f3n de proyectos escult\u00f3ricos a gran escala en [&hellip;]<\/p>\n","protected":false},"author":1,"featured_media":0,"parent":0,"menu_order":0,"comment_status":"closed","ping_status":"closed","template":"","meta":{"footnotes":""},"class_list":["post-24","page","type-page","status-publish","hentry"],"_links":{"self":[{"href":"https:\/\/jorgebautistaesculturas.com\/index.php\/wp-json\/wp\/v2\/pages\/24","targetHints":{"allow":["GET"]}}],"collection":[{"href":"https:\/\/jorgebautistaesculturas.com\/index.php\/wp-json\/wp\/v2\/pages"}],"about":[{"href":"https:\/\/jorgebautistaesculturas.com\/index.php\/wp-json\/wp\/v2\/types\/page"}],"author":[{"embeddable":true,"href":"https:\/\/jorgebautistaesculturas.com\/index.php\/wp-json\/wp\/v2\/users\/1"}],"replies":[{"embeddable":true,"href":"https:\/\/jorgebautistaesculturas.com\/index.php\/wp-json\/wp\/v2\/comments?post=24"}],"version-history":[{"count":3,"href":"https:\/\/jorgebautistaesculturas.com\/index.php\/wp-json\/wp\/v2\/pages\/24\/revisions"}],"predecessor-version":[{"id":287,"href":"https:\/\/jorgebautistaesculturas.com\/index.php\/wp-json\/wp\/v2\/pages\/24\/revisions\/287"}],"wp:attachment":[{"href":"https:\/\/jorgebautistaesculturas.com\/index.php\/wp-json\/wp\/v2\/media?parent=24"}],"curies":[{"name":"wp","href":"https:\/\/api.w.org\/{rel}","templated":true}]}}